{"id":3494,"date":"2021-12-09T06:09:42","date_gmt":"2021-12-08T23:09:42","guid":{"rendered":"https:\/\/medicate.peacefulqode.com\/?page_id=3494"},"modified":"2022-12-05T23:18:30","modified_gmt":"2022-12-05T16:18:30","slug":"danh-gia-roi-loan-am-loi-noi","status":"publish","type":"page","link":"https:\/\/dieutrituky.com.vn\/?page_id=3494","title":{"rendered":"\u0110\u00e1nh Gi\u00e1 R\u1ed1i Lo\u1ea1n \u00c2m L\u1eddi N\u00f3i (Ng\u1ecdng)\u200b"},"content":{"rendered":"\t\t<div data-elementor-type=\"wp-page\" data-elementor-id=\"3494\" class=\"elementor elementor-3494\">\n\t\t\t\t\t\t\t\t\t<div class=\"elementor-section elementor-top-section elementor-element elementor-element-5256a7e elementor-section-stretched elementor-section-boxed elementor-section-height-default elementor-section-height-default\" data-id=\"5256a7e\" data-element_type=\"section\" data-settings=\"{&quot;stretch_section&quot;:&quot;section-stretched&quot;}\">\n\t\t\t\t\t\t<div class=\"elementor-container elementor-column-gap-default\">\n\t\t\t\t\t<div class=\"elementor-column elementor-col-33 elementor-top-column elementor-element elementor-element-1d1379c\" data-id=\"1d1379c\" data-element_type=\"column\">\n\t\t\t<div class=\"elementor-widget-wrap elementor-element-populated\">\n\t\t\t\t\t\t\t\t<div class=\"elementor-element elementor-element-ee0a014 elementor-widget elementor-widget-sidebar\" data-id=\"ee0a014\" data-element_type=\"widget\" data-widget_type=\"sidebar.default\">\n\t\t\t\t<div class=\"elementor-widget-container\">\n\t\t\t<div class=\"widget widget-port\"><div class=\"menu-service-menu-container\"><ul id=\"menu-service-menu\" class=\"menu\"><li id=\"menu-item-3759\" class=\"menu-item menu-item-type-post_type menu-item-object-page menu-item-3759\"><a href=\"https:\/\/dieutrituky.com.vn\/?page_id=3518\">\u0110\u00e1nh Gi\u00e1 M\u1ee9c \u0110\u1ed9 T\u1ef1 K\u1ef7 Theo Thang CARS\u200b<\/a><\/li>\n<li id=\"menu-item-3761\" class=\"menu-item menu-item-type-post_type menu-item-object-page menu-item-3761\"><a href=\"https:\/\/dieutrituky.com.vn\/?page_id=3494\">\u0110\u00e1nh Gi\u00e1 R\u1ed1i Lo\u1ea1n \u00c2m L\u1eddi N\u00f3i (Ng\u1ecdng)\u200b<\/a><\/li>\n<li id=\"menu-item-3762\" class=\"menu-item menu-item-type-post_type menu-item-object-page menu-item-3762\"><a href=\"https:\/\/dieutrituky.com.vn\/?page_id=3490\">Kh\u00e1m \u0110\u00e1nh Gi\u00e1 S\u1ef1 Ph\u00e1t Tri\u1ec3n C\u1ee7a Tr\u1ebb ASQ-3\u200b<\/a><\/li>\n<li id=\"menu-item-3758\" class=\"menu-item menu-item-type-post_type menu-item-object-page menu-item-3758\"><a href=\"https:\/\/dieutrituky.com.vn\/?page_id=3522\">B\u1ea3ng Ki\u1ec3m S\u00e0ng L\u1ecdc T\u1ef1 K\u1ef7 Mchat -23\u200b<\/a><\/li>\n<li id=\"menu-item-3760\" class=\"menu-item menu-item-type-post_type menu-item-object-page menu-item-3760\"><a href=\"https:\/\/dieutrituky.com.vn\/?page_id=3498\">\u0110\u00e1nh Gi\u00e1 Wisc 4\u200b<\/a><\/li>\n<li id=\"menu-item-3765\" class=\"menu-item menu-item-type-post_type menu-item-object-page menu-item-3765\"><a href=\"https:\/\/dieutrituky.com.vn\/?page_id=3474\">\u0110\u00e1nh gi\u00e1 tr\u1ebb t\u0103ng \u0111\u1ed9ng gi\u1ea3m t\u1eadp trung ADHD-T<\/a><\/li>\n<li id=\"menu-item-3763\" class=\"menu-item menu-item-type-post_type menu-item-object-page menu-item-3763\"><a href=\"https:\/\/dieutrituky.com.vn\/?page_id=3482\">Orthopaedics Services<\/a><\/li>\n<li id=\"menu-item-3764\" class=\"menu-item menu-item-type-post_type menu-item-object-page menu-item-3764\"><a href=\"https:\/\/dieutrituky.com.vn\/?page_id=3478\">RMI Services<\/a><\/li>\n<\/ul><\/div><\/div><div class=\"widget widget-port\">\n<figure class=\"wp-block-image size-full is-style-default\"><a href=\"https:\/\/medicate.peacefulqode.com\/contact-us\/\"><img decoding=\"async\" loading=\"lazy\" width=\"600\" height=\"745\" src=\"https:\/\/medicate.peacefulqode.com\/wp-content\/uploads\/2022\/03\/call-img-1.jpg\" alt=\"\" class=\"wp-image-14443\" srcset=\"https:\/\/dieutrituky.com.vn\/wp-content\/uploads\/2022\/03\/call-img-1.jpg 600w, https:\/\/dieutrituky.com.vn\/wp-content\/uploads\/2022\/03\/call-img-1-242x300.jpg 242w\" sizes=\"(max-width: 600px) 100vw, 600px\" \/><\/a><\/figure>\n<\/div>\t\t<\/div>\n\t\t\t\t<\/div>\n\t\t\t\t\t<\/div>\n\t\t<\/div>\n\t\t\t\t<div class=\"elementor-column elementor-col-66 elementor-top-column elementor-element elementor-element-b67a8c8\" data-id=\"b67a8c8\" data-element_type=\"column\">\n\t\t\t<div class=\"elementor-widget-wrap elementor-element-populated\">\n\t\t\t\t\t\t\t\t<div class=\"elementor-element elementor-element-74f2325 elementor-widget elementor-widget-image\" data-id=\"74f2325\" data-element_type=\"widget\" data-widget_type=\"image.default\">\n\t\t\t\t<div class=\"elementor-widget-container\">\n\t\t\t<style>\/*! elementor - v3.8.1 - 13-11-2022 *\/\n.elementor-widget-image{text-align:center}.elementor-widget-image a{display:inline-block}.elementor-widget-image a img[src$=\".svg\"]{width:48px}.elementor-widget-image img{vertical-align:middle;display:inline-block}<\/style>\t\t\t\t\t\t\t\t\t\t\t\t<img decoding=\"async\" width=\"1400\" height=\"800\" src=\"https:\/\/dieutrituky.com.vn\/wp-content\/uploads\/2021\/12\/3.jpg\" class=\"attachment-full size-full\" alt=\"\" loading=\"lazy\" srcset=\"https:\/\/dieutrituky.com.vn\/wp-content\/uploads\/2021\/12\/3.jpg 1400w, https:\/\/dieutrituky.com.vn\/wp-content\/uploads\/2021\/12\/3-600x343.jpg 600w, https:\/\/dieutrituky.com.vn\/wp-content\/uploads\/2021\/12\/3-300x171.jpg 300w, https:\/\/dieutrituky.com.vn\/wp-content\/uploads\/2021\/12\/3-1024x585.jpg 1024w, https:\/\/dieutrituky.com.vn\/wp-content\/uploads\/2021\/12\/3-768x439.jpg 768w\" sizes=\"(max-width: 1400px) 100vw, 1400px\" \/>\t\t\t\t\t\t\t\t\t\t\t\t\t\t\t<\/div>\n\t\t\t\t<\/div>\n\t\t\t\t<div class=\"elementor-element elementor-element-6c78655 elementor-widget elementor-widget-heading\" data-id=\"6c78655\" data-element_type=\"widget\" data-widget_type=\"heading.default\">\n\t\t\t\t<div class=\"elementor-widget-container\">\n\t\t\t<style>\/*! elementor - v3.8.1 - 13-11-2022 *\/\n.elementor-heading-title{padding:0;margin:0;line-height:1}.elementor-widget-heading .elementor-heading-title[class*=elementor-size-]>a{color:inherit;font-size:inherit;line-height:inherit}.elementor-widget-heading .elementor-heading-title.elementor-size-small{font-size:15px}.elementor-widget-heading .elementor-heading-title.elementor-size-medium{font-size:19px}.elementor-widget-heading .elementor-heading-title.elementor-size-large{font-size:29px}.elementor-widget-heading .elementor-heading-title.elementor-size-xl{font-size:39px}.elementor-widget-heading .elementor-heading-title.elementor-size-xxl{font-size:59px}<\/style><h4 class=\"elementor-heading-title elementor-size-default\">\u0110\u00e1nh gi\u00e1 r\u1ed1i lo\u1ea1n \u00e2m l\u1eddi n\u00f3i (ng\u1ecdng)<\/h4>\t\t<\/div>\n\t\t\t\t<\/div>\n\t\t\t\t<div class=\"elementor-element elementor-element-1332a81 elementor-widget elementor-widget-text-editor\" data-id=\"1332a81\" data-element_type=\"widget\" data-widget_type=\"text-editor.default\">\n\t\t\t\t<div class=\"elementor-widget-container\">\n\t\t\t<style>\/*! elementor - v3.8.1 - 13-11-2022 *\/\n.elementor-widget-text-editor.elementor-drop-cap-view-stacked .elementor-drop-cap{background-color:#818a91;color:#fff}.elementor-widget-text-editor.elementor-drop-cap-view-framed .elementor-drop-cap{color:#818a91;border:3px solid;background-color:transparent}.elementor-widget-text-editor:not(.elementor-drop-cap-view-default) .elementor-drop-cap{margin-top:8px}.elementor-widget-text-editor:not(.elementor-drop-cap-view-default) .elementor-drop-cap-letter{width:1em;height:1em}.elementor-widget-text-editor .elementor-drop-cap{float:left;text-align:center;line-height:1;font-size:50px}.elementor-widget-text-editor .elementor-drop-cap-letter{display:inline-block}<\/style>\t\t\t\t<ul><li>T\u01b0 v\u1ea5n<\/li><li>L\u1ed9 tr\u00ecnh can thi\u1ec7p<\/li><li>C\u00e1c b\u00e0i can thi\u1ec7p<\/li><li>\u0110\u00e1nh gi\u00e1 cu\u1ed1i kh\u00f3a.<\/li><\/ul><p>B\u00e0i test \u0111\u00e1nh gi\u00e1 r\u1ed1i lo\u1ea1n \u00e2m l\u1eddi n\u00f3i l\u00e0 m\u1ed9t b\u1ea3ng t\u1eeb \u0111\u01a1n, \u0111\u01b0\u1ee3c ph\u00e2n ra th\u00e0nh c\u00e1c ph\u1ea7n: ph\u1ee5 \u00e2m \u0111\u1ea7u, v\u1ea7n, ph\u1ee5 \u00e2m cu\u1ed1i v\u00e0 d\u1ea5u. \u0111\u00e1nh gi\u00e1 tr\u1ebb trong kh\u1ea3 n\u0103ng ph\u1ed1i h\u1ee3p c\u00e1c ti\u1ebfng tao th\u00e0nh c\u00e2u, trong h\u1ed9i tho\u1ea1i.<br \/>Sau khi \u0111\u00e1nh gi\u00e1 xong m\u1ee9c \u0111\u1ed9 ng\u1ecdng c\u1ee7a tr\u1ebb, chuy\u00ean gia s\u1ebd t\u01b0 v\u1ea5n cho gia \u0111\u00ecnh <br \/>&#8211; M\u1ed9t s\u1ed1 nguy\u00ean t\u1eafc khi s\u1eeda ng\u1ecdng<br \/>+ S\u1eeda t\u1ed1i \u0111a 2 ph\u1ee5 \u00e2m trong 1 ti\u1ebfng<br \/>+ S\u1eeda ph\u1ee5 \u00e2m \u0111\u1ea7u \uf0e0 s\u1eeda v\u1ea7n \uf0e0 s\u1eeda ph\u1ee5 \u00e2m cu\u1ed1i \uf0e0 s\u1eeda d\u1ea5u<br \/>+ Giai \u0111o\u1ea1n \u0111\u1ea7u tr\u1ebb s\u1ebd b\u1eaft ch\u01b0\u1edbc kh\u1ea9u h\u00ecnh <br \/>+ N\u1ebfu tr\u1ebb ch\u1ec9 khi nh\u00ecn kh\u1ea9u h\u00ecnh m\u1edbi n\u00f3i \u0111\u00fang m\u00e0 tr\u1ebb kh\u00f4ng t\u1ef1 ch\u1ec9nh \u0111\u01b0\u1ee3c trong h\u1ed9i tho\u1ea1i th\u00ec ph\u1ea3i luy\u1ec7n cho tr\u1ebb h\u1ecdc cach nghe ph\u00e2n bi\u1ec7t (ph\u00e2n bi\u1ec7t \u00e2m v\u1ecb )<br \/>+ N\u1ebfu tr\u1ebb \u0111\u00e3 \u0111i h\u1ecdc ti\u1ec3u h\u1ecdc th\u00ec th\u00eam ph\u1ea7n luy\u1ec7n \u0111\u1ecdc truy\u1ec7n\/ s\u00e1ch<br \/>+ cu\u1ed1i c\u00f9ng l\u00e0 s\u1eeda t\u1ed1c \u0111\u1ed9 n\u00f3i chuy\u1ec7n c\u1ee7a tr\u1ebb ( kh\u00f4ng n\u00f3i ch\u1eadm, n\u00f3i t\u1ed1c \u0111\u1ed9 b\u00ecnh th\u01b0\u1eddng). <br \/>Khi b\u1ea1n quy\u1ebft \u0111\u1ecbnh can thi\u1ec7p t\u1ea1i ph\u00f2ng kh\u00e1m, c\u00e1c chuy\u00ean gia s\u1ebd l\u00ean l\u1ed9 tr\u00ecnh can thi\u1ec7p cho con b\u1ea1n, v\u00e0 ti\u00ean l\u01b0\u1ee3ng sau bao l\u00e2u tr\u1ebb s\u1ebd k\u1ebft th\u00fac \u0111\u01b0\u1ee3c kh\u00f3a h\u1ecdc<br \/>Khi con b\u1ea1n b\u1eaft \u0111\u1ea7u ch\u01b0\u01a1ng tr\u00ecnh can thi\u1ec7p t\u1ea1i ph\u00f2ng kh\u00e1m, con b\u1ea1n s\u1ebd \u0111\u01b0\u1ee3c c\u00e1c nh\u00e0 chuy\u00ean m\u00f4n l\u00ean k\u1ebf ho\u1ea1ch h\u1ecdc t\u1eadp theo t\u1eebng th\u00e1ng <br \/>+ C\u00e1c b\u00e0i t\u1eadp s\u1eeda v\u00e0 luy\u1ec7n cho tr\u1ebb c\u00e1ch \u0111\u1eb7t v\u1ecb tr\u00ed c\u1ea5u \u00e2m theo t\u1eebng \u00e2m v\u1ecb <br \/>+C\u00e1c b\u00e0i t\u1eadp \u00e1p d\u1ee5ng v\u00e0o t\u1eeb \u0111\u01a1n, c\u00e2u 2 t\u1eeb, c\u00e2u d\u00e0i<br \/>+ C\u00e1c b\u00e0i t\u1eadp luy\u1ec7n nghe, ph\u00e2n bi\u1ec7t \u00e2m v\u1ecb<br \/>+ C\u00e1c b\u00e0i t\u1eadp \u00e1p d\u1ee5ng v\u00e0o \u0111\u1ecdc s\u00e1ch\/ truy\u1ec7n\/ h\u1ed9i tho\u1ea1i <br \/>\u0110\u00e1nh gi\u00e1 cu\u1ed1i kh\u00f3a <\/p>\t\t\t\t\t\t<\/div>\n\t\t\t\t<\/div>\n\t\t\t\t\t<\/div>\n\t\t<\/div>\n\t\t\t\t\t\t\t<\/div>\n\t\t<\/div>\n\t\t\t\t\t\t\t<\/div>\n\t\t","protected":false},"excerpt":{"rendered":"<p>\u0110\u00e1nh gi\u00e1 r\u1ed1i lo\u1ea1n \u00e2m l\u1eddi n\u00f3i (ng\u1ecdng) T\u01b0 v\u1ea5n L\u1ed9 tr\u00ecnh can thi\u1ec7p C\u00e1c b\u00e0i can thi\u1ec7p \u0110\u00e1nh gi\u00e1 cu\u1ed1i kh\u00f3a. B\u00e0i test \u0111\u00e1nh gi\u00e1 r\u1ed1i lo\u1ea1n \u00e2m l\u1eddi n\u00f3i l\u00e0 m\u1ed9t b\u1ea3ng t\u1eeb \u0111\u01a1n, \u0111\u01b0\u1ee3c ph\u00e2n ra th\u00e0nh c\u00e1c ph\u1ea7n: ph\u1ee5 \u00e2m \u0111\u1ea7u, v\u1ea7n, ph\u1ee5 \u00e2m cu\u1ed1i v\u00e0 d\u1ea5u. \u0111\u00e1nh gi\u00e1 tr\u1ebb trong [&hellip;]<\/p>\n","protected":false},"author":1,"featured_media":0,"parent":0,"menu_order":0,"comment_status":"closed","ping_status":"closed","template":"","meta":{"om_disable_all_campaigns":false,"_mi_skip_tracking":false},"acf":[],"aioseo_notices":[],"_links":{"self":[{"href":"https:\/\/dieutrituky.com.vn\/index.php?rest_route=\/wp\/v2\/pages\/3494"}],"collection":[{"href":"https:\/\/dieutrituky.com.vn\/index.php?rest_route=\/wp\/v2\/pages"}],"about":[{"href":"https:\/\/dieutrituky.com.vn\/index.php?rest_route=\/wp\/v2\/types\/page"}],"author":[{"embeddable":true,"href":"https:\/\/dieutrituky.com.vn\/index.php?rest_route=\/wp\/v2\/users\/1"}],"replies":[{"embeddable":true,"href":"https:\/\/dieutrituky.com.vn\/index.php?rest_route=%2Fwp%2Fv2%2Fcomments&post=3494"}],"version-history":[{"count":5,"href":"https:\/\/dieutrituky.com.vn\/index.php?rest_route=\/wp\/v2\/pages\/3494\/revisions"}],"predecessor-version":[{"id":17552,"href":"https:\/\/dieutrituky.com.vn\/index.php?rest_route=\/wp\/v2\/pages\/3494\/revisions\/17552"}],"wp:attachment":[{"href":"https:\/\/dieutrituky.com.vn\/index.php?rest_route=%2Fwp%2Fv2%2Fmedia&parent=3494"}],"curies":[{"name":"wp","href":"https:\/\/api.w.org\/{rel}","templated":true}]}}