{"id":3498,"date":"2021-12-09T06:11:29","date_gmt":"2021-12-09T06:11:29","guid":{"rendered":"https:\/\/medicate.peacefulqode.com\/?page_id=3498"},"modified":"2022-12-05T23:31:32","modified_gmt":"2022-12-05T16:31:32","slug":"eye-care-services","status":"publish","type":"page","link":"https:\/\/dieutrituky.com.vn\/?page_id=3498","title":{"rendered":"\u0110\u00e1nh Gi\u00e1 Wisc 4\u200b"},"content":{"rendered":"\t\t<div data-elementor-type=\"wp-page\" data-elementor-id=\"3498\" class=\"elementor elementor-3498\">\n\t\t\t\t\t\t\t\t\t<div class=\"elementor-section elementor-top-section elementor-element elementor-element-d2ef123 elementor-section-stretched elementor-section-boxed elementor-section-height-default elementor-section-height-default\" data-id=\"d2ef123\" data-element_type=\"section\" data-settings=\"{&quot;stretch_section&quot;:&quot;section-stretched&quot;}\">\n\t\t\t\t\t\t<div class=\"elementor-container elementor-column-gap-default\">\n\t\t\t\t\t<div class=\"elementor-column elementor-col-33 elementor-top-column elementor-element elementor-element-b45d236\" data-id=\"b45d236\" data-element_type=\"column\">\n\t\t\t<div class=\"elementor-widget-wrap elementor-element-populated\">\n\t\t\t\t\t\t\t\t<div class=\"elementor-element elementor-element-b9b8c7b elementor-widget elementor-widget-sidebar\" data-id=\"b9b8c7b\" data-element_type=\"widget\" data-widget_type=\"sidebar.default\">\n\t\t\t\t<div class=\"elementor-widget-container\">\n\t\t\t<div class=\"widget widget-port\"><div class=\"menu-service-menu-container\"><ul id=\"menu-service-menu\" class=\"menu\"><li id=\"menu-item-3759\" class=\"menu-item menu-item-type-post_type menu-item-object-page menu-item-3759\"><a href=\"https:\/\/dieutrituky.com.vn\/?page_id=3518\">\u0110\u00e1nh Gi\u00e1 M\u1ee9c \u0110\u1ed9 T\u1ef1 K\u1ef7 Theo Thang CARS\u200b<\/a><\/li>\n<li id=\"menu-item-3761\" class=\"menu-item menu-item-type-post_type menu-item-object-page menu-item-3761\"><a href=\"https:\/\/dieutrituky.com.vn\/?page_id=3494\">\u0110\u00e1nh Gi\u00e1 R\u1ed1i Lo\u1ea1n \u00c2m L\u1eddi N\u00f3i (Ng\u1ecdng)\u200b<\/a><\/li>\n<li id=\"menu-item-3762\" class=\"menu-item menu-item-type-post_type menu-item-object-page menu-item-3762\"><a href=\"https:\/\/dieutrituky.com.vn\/?page_id=3490\">Kh\u00e1m \u0110\u00e1nh Gi\u00e1 S\u1ef1 Ph\u00e1t Tri\u1ec3n C\u1ee7a Tr\u1ebb ASQ-3\u200b<\/a><\/li>\n<li id=\"menu-item-3758\" class=\"menu-item menu-item-type-post_type menu-item-object-page menu-item-3758\"><a href=\"https:\/\/dieutrituky.com.vn\/?page_id=3522\">B\u1ea3ng Ki\u1ec3m S\u00e0ng L\u1ecdc T\u1ef1 K\u1ef7 Mchat -23\u200b<\/a><\/li>\n<li id=\"menu-item-3760\" class=\"menu-item menu-item-type-post_type menu-item-object-page menu-item-3760\"><a href=\"https:\/\/dieutrituky.com.vn\/?page_id=3498\">\u0110\u00e1nh Gi\u00e1 Wisc 4\u200b<\/a><\/li>\n<li id=\"menu-item-3765\" class=\"menu-item menu-item-type-post_type menu-item-object-page menu-item-3765\"><a href=\"https:\/\/dieutrituky.com.vn\/?page_id=3474\">\u0110\u00e1nh gi\u00e1 tr\u1ebb t\u0103ng \u0111\u1ed9ng gi\u1ea3m t\u1eadp trung ADHD-T<\/a><\/li>\n<li id=\"menu-item-3763\" class=\"menu-item menu-item-type-post_type menu-item-object-page menu-item-3763\"><a href=\"https:\/\/dieutrituky.com.vn\/?page_id=3482\">Orthopaedics Services<\/a><\/li>\n<li id=\"menu-item-3764\" class=\"menu-item menu-item-type-post_type menu-item-object-page menu-item-3764\"><a href=\"https:\/\/dieutrituky.com.vn\/?page_id=3478\">RMI Services<\/a><\/li>\n<\/ul><\/div><\/div><div class=\"widget widget-port\">\n<figure class=\"wp-block-image size-full is-style-default\"><a href=\"https:\/\/medicate.peacefulqode.com\/contact-us\/\"><img decoding=\"async\" loading=\"lazy\" width=\"600\" height=\"745\" src=\"https:\/\/medicate.peacefulqode.com\/wp-content\/uploads\/2022\/03\/call-img-1.jpg\" alt=\"\" class=\"wp-image-14443\" srcset=\"https:\/\/dieutrituky.com.vn\/wp-content\/uploads\/2022\/03\/call-img-1.jpg 600w, https:\/\/dieutrituky.com.vn\/wp-content\/uploads\/2022\/03\/call-img-1-242x300.jpg 242w\" sizes=\"(max-width: 600px) 100vw, 600px\" \/><\/a><\/figure>\n<\/div>\t\t<\/div>\n\t\t\t\t<\/div>\n\t\t\t\t\t<\/div>\n\t\t<\/div>\n\t\t\t\t<div class=\"elementor-column elementor-col-66 elementor-top-column elementor-element elementor-element-9435dd3\" data-id=\"9435dd3\" data-element_type=\"column\">\n\t\t\t<div class=\"elementor-widget-wrap elementor-element-populated\">\n\t\t\t\t\t\t\t\t<div class=\"elementor-element elementor-element-5d0e96e elementor-widget elementor-widget-image\" data-id=\"5d0e96e\" data-element_type=\"widget\" data-widget_type=\"image.default\">\n\t\t\t\t<div class=\"elementor-widget-container\">\n\t\t\t<style>\/*! elementor - v3.8.1 - 13-11-2022 *\/\n.elementor-widget-image{text-align:center}.elementor-widget-image a{display:inline-block}.elementor-widget-image a img[src$=\".svg\"]{width:48px}.elementor-widget-image img{vertical-align:middle;display:inline-block}<\/style>\t\t\t\t\t\t\t\t\t\t\t\t<img decoding=\"async\" width=\"1400\" height=\"800\" src=\"https:\/\/dieutrituky.com.vn\/wp-content\/uploads\/2021\/12\/3.jpg\" class=\"attachment-full size-full\" alt=\"\" loading=\"lazy\" srcset=\"https:\/\/dieutrituky.com.vn\/wp-content\/uploads\/2021\/12\/3.jpg 1400w, https:\/\/dieutrituky.com.vn\/wp-content\/uploads\/2021\/12\/3-600x343.jpg 600w, https:\/\/dieutrituky.com.vn\/wp-content\/uploads\/2021\/12\/3-300x171.jpg 300w, https:\/\/dieutrituky.com.vn\/wp-content\/uploads\/2021\/12\/3-1024x585.jpg 1024w, https:\/\/dieutrituky.com.vn\/wp-content\/uploads\/2021\/12\/3-768x439.jpg 768w\" sizes=\"(max-width: 1400px) 100vw, 1400px\" \/>\t\t\t\t\t\t\t\t\t\t\t\t\t\t\t<\/div>\n\t\t\t\t<\/div>\n\t\t\t\t<div class=\"elementor-element elementor-element-df2fce2 elementor-widget elementor-widget-heading\" data-id=\"df2fce2\" data-element_type=\"widget\" data-widget_type=\"heading.default\">\n\t\t\t\t<div class=\"elementor-widget-container\">\n\t\t\t<style>\/*! elementor - v3.8.1 - 13-11-2022 *\/\n.elementor-heading-title{padding:0;margin:0;line-height:1}.elementor-widget-heading .elementor-heading-title[class*=elementor-size-]>a{color:inherit;font-size:inherit;line-height:inherit}.elementor-widget-heading .elementor-heading-title.elementor-size-small{font-size:15px}.elementor-widget-heading .elementor-heading-title.elementor-size-medium{font-size:19px}.elementor-widget-heading .elementor-heading-title.elementor-size-large{font-size:29px}.elementor-widget-heading .elementor-heading-title.elementor-size-xl{font-size:39px}.elementor-widget-heading .elementor-heading-title.elementor-size-xxl{font-size:59px}<\/style><h4 class=\"elementor-heading-title elementor-size-default\">\u0110\u00e1nh gi\u00e1 wisc 4<\/h4>\t\t<\/div>\n\t\t\t\t<\/div>\n\t\t\t\t<div class=\"elementor-element elementor-element-2558e14 elementor-widget elementor-widget-text-editor\" data-id=\"2558e14\" data-element_type=\"widget\" data-widget_type=\"text-editor.default\">\n\t\t\t\t<div class=\"elementor-widget-container\">\n\t\t\t<style>\/*! elementor - v3.8.1 - 13-11-2022 *\/\n.elementor-widget-text-editor.elementor-drop-cap-view-stacked .elementor-drop-cap{background-color:#818a91;color:#fff}.elementor-widget-text-editor.elementor-drop-cap-view-framed .elementor-drop-cap{color:#818a91;border:3px solid;background-color:transparent}.elementor-widget-text-editor:not(.elementor-drop-cap-view-default) .elementor-drop-cap{margin-top:8px}.elementor-widget-text-editor:not(.elementor-drop-cap-view-default) .elementor-drop-cap-letter{width:1em;height:1em}.elementor-widget-text-editor .elementor-drop-cap{float:left;text-align:center;line-height:1;font-size:50px}.elementor-widget-text-editor .elementor-drop-cap-letter{display:inline-block}<\/style>\t\t\t\t<ul><li>T\u01b0 v\u1ea5n \u0111i\u1ec3m m\u1ea1nh, \u0111i\u1ec3m y\u1ebfu c\u1ee7a tr\u1ebb<\/li><li>L\u00ean l\u1ed9 tr\u00ecnh<\/li><li>C\u00e1c b\u00e0i t\u1eadp can thi\u1ec7p<\/li><li>Sau 1 n\u0103m \u0111\u00e1nh gi\u00e1 l\u1ea1i<\/li><\/ul><p>Tr\u1eafc nghi\u1ec7m tr\u00ed tu\u1ec7 wisc 4 l\u00e0 m\u1ed9t tr\u1eafc nghi\u1ec7m \u0111\u00e1nh gi\u00e1 tr\u1ebb khuy\u1ebft t\u1eadt h\u1ecdc t\u1eadp t\u1eeb 6 tu\u1ed5i \u0111\u1ebfn 15 tu\u1ed5i v\u1edbi c\u00e1c l\u0129nh v\u1ef1c: nh\u1eadn th\u1ee9c ng\u00f4n ng\u1eef, tri gi\u00e1c kh\u00f4ng gian, tr\u00ed nh\u1edb c\u00f4ng vi\u1ec7c, t\u1ed1c \u0111\u1ed9 x\u1eed l\u00fd. T\u1eeb \u0111\u00f3 t\u00ecm ra \u0111i\u1ec3m m\u1ea1nh, \u0111i\u1ec3m y\u1ebfu c\u1ee7a tr\u1ebb. D\u00f9ng \u0111i\u1ec3m m\u1ea1nh h\u1ed7 tr\u1ee3 \u0111i\u1ec3m y\u1ebfu gi\u00fap tr\u1ebb h\u1ecdc t\u1ed1t h\u01a1n. Th\u1eddi gian test l\u00e0 2 ti\u1ebfng- 2,5 ti\u1ebfng. Sau 1 tu\u1ea7n c\u00f3 k\u1ebft qu\u1ea3 t\u1eeb ph\u00e2n t\u00edch s\u1ed1 li\u1ec7u.<br \/>Sau khi c\u00f3 k\u1ebft qu\u1ea3 \u0111\u00e1nh gi\u00e1, chuy\u00ean gia s\u1ebd ph\u00e2n t\u00edch, gi\u1ea3i th\u00edch k\u1ebft qu\u1ea3 v\u00e0 t\u01b0 v\u1ea5n cho b\u1ea1n c\u00e1ch d\u1ea1y tr\u1ebb.<br \/>Khi b\u1ea1n quy\u1ebft \u0111\u1ecbnh can thi\u1ec7p t\u1ea1i ph\u00f2ng kh\u00e1m, c\u00e1c chuy\u00ean gia s\u1ebd l\u00ean l\u1ed9 tr\u00ecnh can thi\u1ec7p cho con b\u1ea1n.<br \/>Khi con b\u1ea1n b\u1eaft \u0111\u1ea7u ch\u01b0\u01a1ng tr\u00ecnh can thi\u1ec7p t\u1ea1i ph\u00f2ng kh\u00e1m, con b\u1ea1n s\u1ebd \u0111\u01b0\u1ee3c c\u00e1c nh\u00e0 chuy\u00ean m\u00f4n l\u00ean k\u1ebf ho\u1ea1ch h\u1ecdc t\u1eadp theo t\u1eebng th\u00e1ng v\u00e0 theo s\u1ef1 ph\u00e1t tri\u1ec3n c\u1ee7a con. <br \/>+ C\u00e1c b\u00e0i t\u1eadp ph\u00e1t huy \u0111i\u1ec3m m\u1ea1nh<br \/>+ C\u00e1c b\u00e0i t\u1eadp h\u1ed7 tr\u1ee3 \u0111i\u1ec3m y\u1ebfu<br \/>\u0110\u00e1nh gi\u00e1 l\u1ea1i sau 1 n\u0103m can thi\u1ec7p<\/p>\t\t\t\t\t\t<\/div>\n\t\t\t\t<\/div>\n\t\t\t\t\t<\/div>\n\t\t<\/div>\n\t\t\t\t\t\t\t<\/div>\n\t\t<\/div>\n\t\t\t\t\t\t\t<\/div>\n\t\t","protected":false},"excerpt":{"rendered":"<p>\u0110\u00e1nh gi\u00e1 wisc 4 T\u01b0 v\u1ea5n \u0111i\u1ec3m m\u1ea1nh, \u0111i\u1ec3m y\u1ebfu c\u1ee7a tr\u1ebb L\u00ean l\u1ed9 tr\u00ecnh C\u00e1c b\u00e0i t\u1eadp can thi\u1ec7p Sau 1 n\u0103m \u0111\u00e1nh gi\u00e1 l\u1ea1i Tr\u1eafc nghi\u1ec7m tr\u00ed tu\u1ec7 wisc 4 l\u00e0 m\u1ed9t tr\u1eafc nghi\u1ec7m \u0111\u00e1nh gi\u00e1 tr\u1ebb khuy\u1ebft t\u1eadt h\u1ecdc t\u1eadp t\u1eeb 6 tu\u1ed5i \u0111\u1ebfn 15 tu\u1ed5i v\u1edbi c\u00e1c l\u0129nh v\u1ef1c: nh\u1eadn th\u1ee9c [&hellip;]<\/p>\n","protected":false},"author":1,"featured_media":0,"parent":0,"menu_order":0,"comment_status":"closed","ping_status":"closed","template":"","meta":{"om_disable_all_campaigns":false,"_mi_skip_tracking":false},"acf":[],"aioseo_notices":[],"_links":{"self":[{"href":"https:\/\/dieutrituky.com.vn\/index.php?rest_route=\/wp\/v2\/pages\/3498"}],"collection":[{"href":"https:\/\/dieutrituky.com.vn\/index.php?rest_route=\/wp\/v2\/pages"}],"about":[{"href":"https:\/\/dieutrituky.com.vn\/index.php?rest_route=\/wp\/v2\/types\/page"}],"author":[{"embeddable":true,"href":"https:\/\/dieutrituky.com.vn\/index.php?rest_route=\/wp\/v2\/users\/1"}],"replies":[{"embeddable":true,"href":"https:\/\/dieutrituky.com.vn\/index.php?rest_route=%2Fwp%2Fv2%2Fcomments&post=3498"}],"version-history":[{"count":5,"href":"https:\/\/dieutrituky.com.vn\/index.php?rest_route=\/wp\/v2\/pages\/3498\/revisions"}],"predecessor-version":[{"id":17565,"href":"https:\/\/dieutrituky.com.vn\/index.php?rest_route=\/wp\/v2\/pages\/3498\/revisions\/17565"}],"wp:attachment":[{"href":"https:\/\/dieutrituky.com.vn\/index.php?rest_route=%2Fwp%2Fv2%2Fmedia&parent=3498"}],"curies":[{"name":"wp","href":"https:\/\/api.w.org\/{rel}","templated":true}]}}