{"id":3522,"date":"2021-12-09T06:26:49","date_gmt":"2021-12-08T23:26:49","guid":{"rendered":"https:\/\/medicate.peacefulqode.com\/?page_id=3522"},"modified":"2022-12-05T23:26:29","modified_gmt":"2022-12-05T16:26:29","slug":"bang-kiem-sang-loc-tu-ky-mchat-23","status":"publish","type":"page","link":"https:\/\/dieutrituky.com.vn\/?page_id=3522","title":{"rendered":"B\u1ea3ng Ki\u1ec3m S\u00e0ng L\u1ecdc T\u1ef1 K\u1ef7 Mchat -23\u200b"},"content":{"rendered":"\t\t<div data-elementor-type=\"wp-page\" data-elementor-id=\"3522\" class=\"elementor elementor-3522\">\n\t\t\t\t\t\t\t\t\t<div class=\"elementor-section elementor-top-section elementor-element elementor-element-0746f40 elementor-section-stretched elementor-section-boxed elementor-section-height-default elementor-section-height-default\" data-id=\"0746f40\" data-element_type=\"section\" data-settings=\"{&quot;stretch_section&quot;:&quot;section-stretched&quot;}\">\n\t\t\t\t\t\t<div class=\"elementor-container elementor-column-gap-default\">\n\t\t\t\t\t<div class=\"elementor-column elementor-col-33 elementor-top-column elementor-element elementor-element-eaf7895\" data-id=\"eaf7895\" data-element_type=\"column\">\n\t\t\t<div class=\"elementor-widget-wrap elementor-element-populated\">\n\t\t\t\t\t\t\t\t<div class=\"elementor-element elementor-element-c09c185 elementor-widget elementor-widget-sidebar\" data-id=\"c09c185\" data-element_type=\"widget\" data-widget_type=\"sidebar.default\">\n\t\t\t\t<div class=\"elementor-widget-container\">\n\t\t\t<div class=\"widget widget-port\"><div class=\"menu-service-menu-container\"><ul id=\"menu-service-menu\" class=\"menu\"><li id=\"menu-item-3759\" class=\"menu-item menu-item-type-post_type menu-item-object-page menu-item-3759\"><a href=\"https:\/\/dieutrituky.com.vn\/?page_id=3518\">\u0110\u00e1nh Gi\u00e1 M\u1ee9c \u0110\u1ed9 T\u1ef1 K\u1ef7 Theo Thang CARS\u200b<\/a><\/li>\n<li id=\"menu-item-3761\" class=\"menu-item menu-item-type-post_type menu-item-object-page menu-item-3761\"><a href=\"https:\/\/dieutrituky.com.vn\/?page_id=3494\">\u0110\u00e1nh Gi\u00e1 R\u1ed1i Lo\u1ea1n \u00c2m L\u1eddi N\u00f3i (Ng\u1ecdng)\u200b<\/a><\/li>\n<li id=\"menu-item-3762\" class=\"menu-item menu-item-type-post_type menu-item-object-page menu-item-3762\"><a href=\"https:\/\/dieutrituky.com.vn\/?page_id=3490\">Kh\u00e1m \u0110\u00e1nh Gi\u00e1 S\u1ef1 Ph\u00e1t Tri\u1ec3n C\u1ee7a Tr\u1ebb ASQ-3\u200b<\/a><\/li>\n<li id=\"menu-item-3758\" class=\"menu-item menu-item-type-post_type menu-item-object-page menu-item-3758\"><a href=\"https:\/\/dieutrituky.com.vn\/?page_id=3522\">B\u1ea3ng Ki\u1ec3m S\u00e0ng L\u1ecdc T\u1ef1 K\u1ef7 Mchat -23\u200b<\/a><\/li>\n<li id=\"menu-item-3760\" class=\"menu-item menu-item-type-post_type menu-item-object-page menu-item-3760\"><a href=\"https:\/\/dieutrituky.com.vn\/?page_id=3498\">\u0110\u00e1nh Gi\u00e1 Wisc 4\u200b<\/a><\/li>\n<li id=\"menu-item-3765\" class=\"menu-item menu-item-type-post_type menu-item-object-page menu-item-3765\"><a href=\"https:\/\/dieutrituky.com.vn\/?page_id=3474\">\u0110\u00e1nh gi\u00e1 tr\u1ebb t\u0103ng \u0111\u1ed9ng gi\u1ea3m t\u1eadp trung ADHD-T<\/a><\/li>\n<li id=\"menu-item-3763\" class=\"menu-item menu-item-type-post_type menu-item-object-page menu-item-3763\"><a href=\"https:\/\/dieutrituky.com.vn\/?page_id=3482\">Orthopaedics Services<\/a><\/li>\n<li id=\"menu-item-3764\" class=\"menu-item menu-item-type-post_type menu-item-object-page menu-item-3764\"><a href=\"https:\/\/dieutrituky.com.vn\/?page_id=3478\">RMI Services<\/a><\/li>\n<\/ul><\/div><\/div><div class=\"widget widget-port\">\n<figure class=\"wp-block-image size-full is-style-default\"><a href=\"https:\/\/medicate.peacefulqode.com\/contact-us\/\"><img decoding=\"async\" loading=\"lazy\" width=\"600\" height=\"745\" src=\"https:\/\/medicate.peacefulqode.com\/wp-content\/uploads\/2022\/03\/call-img-1.jpg\" alt=\"\" class=\"wp-image-14443\" srcset=\"https:\/\/dieutrituky.com.vn\/wp-content\/uploads\/2022\/03\/call-img-1.jpg 600w, https:\/\/dieutrituky.com.vn\/wp-content\/uploads\/2022\/03\/call-img-1-242x300.jpg 242w\" sizes=\"(max-width: 600px) 100vw, 600px\" \/><\/a><\/figure>\n<\/div>\t\t<\/div>\n\t\t\t\t<\/div>\n\t\t\t\t\t<\/div>\n\t\t<\/div>\n\t\t\t\t<div class=\"elementor-column elementor-col-66 elementor-top-column elementor-element elementor-element-38c5402\" data-id=\"38c5402\" data-element_type=\"column\">\n\t\t\t<div class=\"elementor-widget-wrap elementor-element-populated\">\n\t\t\t\t\t\t\t\t<div class=\"elementor-element elementor-element-85518cf elementor-widget elementor-widget-image\" data-id=\"85518cf\" data-element_type=\"widget\" data-widget_type=\"image.default\">\n\t\t\t\t<div class=\"elementor-widget-container\">\n\t\t\t<style>\/*! elementor - v3.8.1 - 13-11-2022 *\/\n.elementor-widget-image{text-align:center}.elementor-widget-image a{display:inline-block}.elementor-widget-image a img[src$=\".svg\"]{width:48px}.elementor-widget-image img{vertical-align:middle;display:inline-block}<\/style>\t\t\t\t\t\t\t\t\t\t\t\t<img decoding=\"async\" width=\"1400\" height=\"800\" src=\"https:\/\/dieutrituky.com.vn\/wp-content\/uploads\/2021\/12\/3.jpg\" class=\"attachment-full size-full\" alt=\"\" loading=\"lazy\" srcset=\"https:\/\/dieutrituky.com.vn\/wp-content\/uploads\/2021\/12\/3.jpg 1400w, https:\/\/dieutrituky.com.vn\/wp-content\/uploads\/2021\/12\/3-600x343.jpg 600w, https:\/\/dieutrituky.com.vn\/wp-content\/uploads\/2021\/12\/3-300x171.jpg 300w, https:\/\/dieutrituky.com.vn\/wp-content\/uploads\/2021\/12\/3-1024x585.jpg 1024w, https:\/\/dieutrituky.com.vn\/wp-content\/uploads\/2021\/12\/3-768x439.jpg 768w\" sizes=\"(max-width: 1400px) 100vw, 1400px\" \/>\t\t\t\t\t\t\t\t\t\t\t\t\t\t\t<\/div>\n\t\t\t\t<\/div>\n\t\t\t\t<div class=\"elementor-element elementor-element-a2b7c23 elementor-widget elementor-widget-heading\" data-id=\"a2b7c23\" data-element_type=\"widget\" data-widget_type=\"heading.default\">\n\t\t\t\t<div class=\"elementor-widget-container\">\n\t\t\t<style>\/*! elementor - v3.8.1 - 13-11-2022 *\/\n.elementor-heading-title{padding:0;margin:0;line-height:1}.elementor-widget-heading .elementor-heading-title[class*=elementor-size-]>a{color:inherit;font-size:inherit;line-height:inherit}.elementor-widget-heading .elementor-heading-title.elementor-size-small{font-size:15px}.elementor-widget-heading .elementor-heading-title.elementor-size-medium{font-size:19px}.elementor-widget-heading .elementor-heading-title.elementor-size-large{font-size:29px}.elementor-widget-heading .elementor-heading-title.elementor-size-xl{font-size:39px}.elementor-widget-heading .elementor-heading-title.elementor-size-xxl{font-size:59px}<\/style><h4 class=\"elementor-heading-title elementor-size-default\">B\u1ea3ng ki\u1ec3m s\u00e0ng l\u1ecdc t\u1ef1 k\u1ef7 Mchat -23<\/h4>\t\t<\/div>\n\t\t\t\t<\/div>\n\t\t\t\t<div class=\"elementor-element elementor-element-27a8da0 elementor-widget elementor-widget-text-editor\" data-id=\"27a8da0\" data-element_type=\"widget\" data-widget_type=\"text-editor.default\">\n\t\t\t\t<div class=\"elementor-widget-container\">\n\t\t\t<style>\/*! elementor - v3.8.1 - 13-11-2022 *\/\n.elementor-widget-text-editor.elementor-drop-cap-view-stacked .elementor-drop-cap{background-color:#818a91;color:#fff}.elementor-widget-text-editor.elementor-drop-cap-view-framed .elementor-drop-cap{color:#818a91;border:3px solid;background-color:transparent}.elementor-widget-text-editor:not(.elementor-drop-cap-view-default) .elementor-drop-cap{margin-top:8px}.elementor-widget-text-editor:not(.elementor-drop-cap-view-default) .elementor-drop-cap-letter{width:1em;height:1em}.elementor-widget-text-editor .elementor-drop-cap{float:left;text-align:center;line-height:1;font-size:50px}.elementor-widget-text-editor .elementor-drop-cap-letter{display:inline-block}<\/style>\t\t\t\t<ul><li>T\u01b0 v\u1ea5n<\/li><li>L\u00ean l\u1ed9 tr\u00ecnh<\/li><li>C\u00e1c b\u00e0i t\u1eadp can thi\u1ec7p<\/li><li>\u0110\u00e1nh gi\u00e1 l\u1ea1i sau m\u1ed7i 3 th\u00e1ng.<\/li><\/ul><p>B\u1ea3ng ki\u1ec3m s\u00e0ng l\u1ecdc t\u1ef1 k\u1ef7 Mchat-23 bao g\u1ed3m 23 c\u00e2u h\u1ecfi, \u0111\u1ec3 ph\u00e1t hi\u1ec7n xem tr\u1ebb c\u00f3 c\u00e1c d\u1ea5u hi\u1ec7u nguy c\u01a1 t\u1ef1 k\u1ef7 hay kh\u00f4ng. <br \/>T\u1eeb k\u1ebft qu\u1ea3 s\u00e0ng l\u1ecdc, chuy\u00ean gia s\u1ebd xem tr\u1ebb c\u00f3 d\u1ea5u hi\u1ec7u nguy c\u01a1 t\u1ef1 k\u1ef7 kh\u00f4ng. Sau \u0111\u00f3 t\u01b0 v\u1ea5n cho b\u1ea1n c\u00e1ch t\u1eadp<br \/>+ C\u00e1ch giao ti\u1ebfp m\u1eaft\/ t\u01b0\u01a1ng t\u00e1c v\u1edbi tr\u1ebb<br \/>+ C\u00e1ch d\u1ea1y tr\u1ebb b\u1eaft ch\u01b0\u1edbc<br \/>+ C\u00e1ch d\u1ea1y tr\u1ebb ch\u01a1i \u0111\u00fang\/ ch\u01a1i lu\u00e2n phi\u00ean<br \/>+ C\u00e1ch d\u1ea1y tr\u1ebb ch\u1ec9 v\u00e0 nh\u1eadn bi\u1ebft s\u1ef1 v\u1eadt xung quanh.<br \/>+ C\u00e1ch d\u1ea1y tr\u1ebb bi\u1ebft m\u1edf r\u1ed9ng th\u00f4ng tin v\u00e0 ph\u00e1t tri\u1ec3n c\u00e2u<br \/>+ C\u00e1ch d\u1ea1y tr\u1ebb t\u1ef1 kh\u1edfi x\u01b0\u1edbng v\u00e0 duy tr\u00ec h\u1ed9i tho\u1ea1i<br \/>+ C\u00e1ch d\u1ea1y tr\u1ebb kh\u00e1i qu\u00e1t h\u00f3a.<br \/>Khi b\u1ea1n quy\u1ebft \u0111\u1ecbnh can thi\u1ec7p t\u1ea1i ph\u00f2ng kh\u00e1m, c\u00e1c chuy\u00ean gia s\u1ebd l\u00ean l\u1ed9 tr\u00ecnh can thi\u1ec7p cho con b\u1ea1n, ch\u1ec9 cho b\u1ea1n th\u1ea5y con b\u1ea1n hi\u1ec7n t\u1ea1i \u0111ang \u1edf \u0111\u00e2u v\u00e0 b\u01b0\u1edbc ti\u1ebfp theo s\u1ebd l\u00e0 g\u00ec, bao l\u00e2u th\u00ec con b\u1ea1n s\u1ebd \u0111\u1ea1t \u0111\u01b0\u1ee3c b\u01b0\u1edbc \u0111\u00f3. <br \/>Khi con b\u1ea1n b\u1eaft \u0111\u1ea7u ch\u01b0\u01a1ng tr\u00ecnh can thi\u1ec7p t\u1ea1i ph\u00f2ng kh\u00e1m, con b\u1ea1n s\u1ebd \u0111\u01b0\u1ee3c c\u00e1c nh\u00e0 chuy\u00ean m\u00f4n l\u00ean k\u1ebf ho\u1ea1ch h\u1ecdc t\u1eadp theo t\u1eebng th\u00e1ng v\u00e0 theo s\u1ef1 ph\u00e1t tri\u1ec3n c\u1ee7a con. <br \/>+ C\u00e1c b\u00e0i t\u1eadp can thi\u1ec7p n\u00e2ng cao t\u01b0\u01a1ng t\u00e1c v\u00e0 nh\u1eadn th\u1ee9c<br \/>+ C\u00e1c b\u00e0i t\u1eadp t\u01b0 duy l\u00f4gic theo ph\u01b0\u01a1ng ph\u00e1p Montessori.<br \/>+ C\u00e1c b\u00e0i t\u1eadp can thi\u1ec7p n\u00e2ng cao kh\u1ea3 n\u0103ng di\u1ec5n \u0111\u1ea1t<br \/>+ C\u00e1c b\u00e0i t\u1eadp can thi\u1ec7p n\u00e2ng cao kh\u1ea3 n\u0103ng kh\u1edfi x\u01b0\u1edbng h\u1ed9i tho\u1ea1i<br \/>+ C\u00e1c b\u00e0i t\u1eadp can thi\u1ec7p n\u00e2ng cao kh\u1ea3 n\u0103ng kh\u00e1i qu\u00e1t h\u00f3a <br \/>N\u1ebfu tr\u1ebb c\u00f3 d\u1ea5u hi\u1ec7u t\u1ef1 k\u1ef7 th\u00eam c\u00e1c b\u00e0i t\u1eadp<br \/>+ C\u00e1c b\u00e0i t\u1eadp can thi\u1ec7p h\u00e0nh vi<br \/>+ C\u00e1c b\u00e0i t\u1eadp x\u1eed l\u00fd c\u00e1c r\u1ed1i lo\u1ea1n c\u1ea3m gi\u00e1c. (theo ph\u01b0\u01a1ng ph\u00e1p Montessori v\u00e0 c\u00e1c ph\u01b0\u01a1ng ph\u00e1p kh\u00e1c)<br \/>N\u1ebfu tr\u1ebb kh\u00f3 v\u1eadn d\u1ee5ng ki\u1ebfn th\u1ee9c \u0111\u00e3 h\u1ecdc trong giao ti\u1ebfp, hay khi tr\u1ebb th\u1ee5 \u0111\u1ed9ng trong giao ti\u1ebfp th\u00ec c\u00f3:<br \/>+ C\u00e1c b\u00e0i t\u1eadp giao ti\u1ebfp t\u0103ng c\u01b0\u1eddng v\u00e0 thay th\u1ebf : AAC c\u00f4ng ngh\u1ec7 th\u1ea5p, AAC c\u00f4ng ngh\u1ec7 cao (talk tabblet VN). <br \/>Khi \u0111\u1ebfn giai \u0111o\u1ea1n ti\u1ec1n ti\u1ec3u h\u1ecdc \u0111\u1ec3 gi\u00fap tr\u1ebb ch\u1ee7 \u0111\u1ed9ng trong c\u00f4ng vi\u1ec7c h\u1ecdc: s\u1eed d\u1ee5ng ph\u01b0\u01a1ng ph\u00e1p TEACCH. <br \/>Khi con b\u1ea1n can thi\u1ec7p \u0111\u01b0\u1ee3c 3 th\u00e1ng, chuy\u00ean gia s\u1ebd \u0111\u00e1nh gi\u00e1 l\u1ea1i con c\u1ee7a b\u1ea1n. <\/p>\t\t\t\t\t\t<\/div>\n\t\t\t\t<\/div>\n\t\t\t\t\t<\/div>\n\t\t<\/div>\n\t\t\t\t\t\t\t<\/div>\n\t\t<\/div>\n\t\t\t\t\t\t\t<\/div>\n\t\t","protected":false},"excerpt":{"rendered":"<p>B\u1ea3ng ki\u1ec3m s\u00e0ng l\u1ecdc t\u1ef1 k\u1ef7 Mchat -23 T\u01b0 v\u1ea5n L\u00ean l\u1ed9 tr\u00ecnh C\u00e1c b\u00e0i t\u1eadp can thi\u1ec7p \u0110\u00e1nh gi\u00e1 l\u1ea1i sau m\u1ed7i 3 th\u00e1ng. B\u1ea3ng ki\u1ec3m s\u00e0ng l\u1ecdc t\u1ef1 k\u1ef7 Mchat-23 bao g\u1ed3m 23 c\u00e2u h\u1ecfi, \u0111\u1ec3 ph\u00e1t hi\u1ec7n xem tr\u1ebb c\u00f3 c\u00e1c d\u1ea5u hi\u1ec7u nguy c\u01a1 t\u1ef1 k\u1ef7 hay kh\u00f4ng. T\u1eeb k\u1ebft qu\u1ea3 [&hellip;]<\/p>\n","protected":false},"author":1,"featured_media":0,"parent":0,"menu_order":0,"comment_status":"closed","ping_status":"closed","template":"","meta":{"om_disable_all_campaigns":false,"_mi_skip_tracking":false},"acf":[],"aioseo_notices":[],"_links":{"self":[{"href":"https:\/\/dieutrituky.com.vn\/index.php?rest_route=\/wp\/v2\/pages\/3522"}],"collection":[{"href":"https:\/\/dieutrituky.com.vn\/index.php?rest_route=\/wp\/v2\/pages"}],"about":[{"href":"https:\/\/dieutrituky.com.vn\/index.php?rest_route=\/wp\/v2\/types\/page"}],"author":[{"embeddable":true,"href":"https:\/\/dieutrituky.com.vn\/index.php?rest_route=\/wp\/v2\/users\/1"}],"replies":[{"embeddable":true,"href":"https:\/\/dieutrituky.com.vn\/index.php?rest_route=%2Fwp%2Fv2%2Fcomments&post=3522"}],"version-history":[{"count":8,"href":"https:\/\/dieutrituky.com.vn\/index.php?rest_route=\/wp\/v2\/pages\/3522\/revisions"}],"predecessor-version":[{"id":17560,"href":"https:\/\/dieutrituky.com.vn\/index.php?rest_route=\/wp\/v2\/pages\/3522\/revisions\/17560"}],"wp:attachment":[{"href":"https:\/\/dieutrituky.com.vn\/index.php?rest_route=%2Fwp%2Fv2%2Fmedia&parent=3522"}],"curies":[{"name":"wp","href":"https:\/\/api.w.org\/{rel}","templated":true}]}}